{"id":638,"date":"2023-06-15T02:35:09","date_gmt":"2023-06-15T02:35:09","guid":{"rendered":"https:\/\/mavisionglobal.org\/?page_id=638"},"modified":"2023-06-15T03:14:47","modified_gmt":"2023-06-15T03:14:47","slug":"politicas-de-privacidad","status":"publish","type":"page","link":"https:\/\/mavisionglobal.org\/?page_id=638","title":{"rendered":"Pol\u00edticas de Privacidad"},"content":{"rendered":"\n<div class=\"wp-block-group has-global-padding is-layout-constrained wp-block-group-is-layout-constrained\">\n<h2 class=\"wp-block-heading has-vivid-red-color has-text-color\">Pol\u00edticas de Privacidad y Aviso Legal<\/h2>\n<\/div>\n\n\n\n<div class=\"wp-block-group has-global-padding is-layout-constrained wp-block-group-is-layout-constrained\">\n<p class=\"has-normal-font-size\">Las cookies son peque\u00f1os archivos de texto que se almacenan en el navegador de un usuario cuando visita un sitio web. Estas cookies se utilizan para mejorar la experiencia del usuario y para recopilar informaci\u00f3n sobre su comportamiento en la web. En el caso de \u00abmavisionglobal.org\u00bb, utilizamos cookies para varias finalidades, entre ellas:<\/p>\n\n\n\n<ul class=\"has-tertiary-color has-text-color has-normal-font-size wp-block-list\">\n<li>Personalizaci\u00f3n de la experiencia del usuario: Las cookies nos permiten recordar las preferencias de nuestros usuarios, como el idioma o la ubicaci\u00f3n, y mostrarles contenido personalizado<\/li>\n\n\n\n<li>Publicidad: Las cookies nos permiten mostrar publicidad personalizada a nuestros usuarios en funci\u00f3n de su comportamiento en nuestro sitio web.<\/li>\n\n\n\n<li>An\u00e1lisis del comportamiento de los usuarios: Las cookies nos permiten recopilar informaci\u00f3n sobre el comportamiento de nuestros usuarios en nuestro sitio web, como las p\u00e1ginas que visitan con m\u00e1s frecuencia o el tiempo que pasan en nuestro sitio.<\/li>\n<\/ul>\n\n\n\n<p class=\"has-normal-font-size\">En \u00abmavisionglobal.org\u00bb, respetamos la privacidad de nuestros usuarios y cumplimos con las leyes aplicables en materia de protecci\u00f3n de datos. Por lo tanto, solicitamos el consentimiento expl\u00edcito de nuestros usuarios antes de utilizar cookies en nuestro sitio web. Cuando un usuario visita nuestro sitio por primera vez, le pedimos que acepte nuestra pol\u00edtica de cookies y le informamos sobre las cookies que utilizamos y su finalidad.<\/p>\n\n\n\n<p class=\"has-normal-font-size\">Los usuarios pueden configurar su navegador para bloquear las cookies o eliminarlas en cualquier momento. Sin embargo, es posible que algunas funciones de nuestro sitio web no funcionen correctamente si se bloquean las cookies.<\/p>\n<\/div>\n","protected":false},"excerpt":{"rendered":"<p>Pol\u00edticas de Privacidad y Aviso Legal Las cookies son peque\u00f1os archivos de texto que se almacenan en el navegador de un usuario cuando visita un sitio web. Estas [&hellip;]<\/p>\n","protected":false},"author":1,"featured_media":0,"parent":0,"menu_order":0,"comment_status":"closed","ping_status":"closed","template":"","meta":{"footnotes":""},"class_list":["post-638","page","type-page","status-publish","hentry"],"_links":{"self":[{"href":"https:\/\/mavisionglobal.org\/index.php?rest_route=\/wp\/v2\/pages\/638","targetHints":{"allow":["GET"]}}],"collection":[{"href":"https:\/\/mavisionglobal.org\/index.php?rest_route=\/wp\/v2\/pages"}],"about":[{"href":"https:\/\/mavisionglobal.org\/index.php?rest_route=\/wp\/v2\/types\/page"}],"author":[{"embeddable":true,"href":"https:\/\/mavisionglobal.org\/index.php?rest_route=\/wp\/v2\/users\/1"}],"replies":[{"embeddable":true,"href":"https:\/\/mavisionglobal.org\/index.php?rest_route=%2Fwp%2Fv2%2Fcomments&post=638"}],"version-history":[{"count":5,"href":"https:\/\/mavisionglobal.org\/index.php?rest_route=\/wp\/v2\/pages\/638\/revisions"}],"predecessor-version":[{"id":645,"href":"https:\/\/mavisionglobal.org\/index.php?rest_route=\/wp\/v2\/pages\/638\/revisions\/645"}],"wp:attachment":[{"href":"https:\/\/mavisionglobal.org\/index.php?rest_route=%2Fwp%2Fv2%2Fmedia&parent=638"}],"curies":[{"name":"wp","href":"https:\/\/api.w.org\/{rel}","templated":true}]}}