{"id":156,"date":"2023-05-12T02:19:31","date_gmt":"2023-05-12T02:19:31","guid":{"rendered":"https:\/\/mavisionglobal.org\/?page_id=156"},"modified":"2023-07-19T00:44:05","modified_gmt":"2023-07-19T00:44:05","slug":"eventos","status":"publish","type":"page","link":"https:\/\/mavisionglobal.org\/?page_id=156","title":{"rendered":"Eventos"},"content":{"rendered":"\n<div class=\"wp-block-cover has-custom-content-position is-position-bottom-left\"><span aria-hidden=\"true\" class=\"wp-block-cover__background has-background-dim\"><\/span><img fetchpriority=\"high\" decoding=\"async\" width=\"960\" height=\"960\" class=\"wp-block-cover__image-background wp-image-401\" alt=\"\" src=\"https:\/\/mavisionglobal.org\/wp-content\/uploads\/2023\/05\/banner-eventos-1.jpg\" style=\"object-position:53% 20%\" data-object-fit=\"cover\" data-object-position=\"53% 20%\" srcset=\"https:\/\/mavisionglobal.org\/wp-content\/uploads\/2023\/05\/banner-eventos-1.jpg 960w, https:\/\/mavisionglobal.org\/wp-content\/uploads\/2023\/05\/banner-eventos-1-300x300.jpg 300w, https:\/\/mavisionglobal.org\/wp-content\/uploads\/2023\/05\/banner-eventos-1-150x150.jpg 150w, https:\/\/mavisionglobal.org\/wp-content\/uploads\/2023\/05\/banner-eventos-1-768x768.jpg 768w\" sizes=\"(max-width: 960px) 100vw, 960px\" \/><div class=\"wp-block-cover__inner-container is-layout-flow wp-block-cover-is-layout-flow\">\n<p class=\"has-text-align-center has-large-font-size\"><strong><mark style=\"background-color:rgba(0, 0, 0, 0)\" class=\"has-inline-color has-base-color\">Eventos<\/mark><\/strong><\/p>\n<\/div><\/div>\n\n\n\n<hr class=\"wp-block-separator has-text-color has-base-color has-alpha-channel-opacity has-base-background-color has-background\"\/>\n\n\n\n<div class=\"wp-block-group has-global-padding is-layout-constrained wp-block-group-is-layout-constrained\">\n<div class=\"wp-block-columns is-layout-flex wp-container-core-columns-is-layout-28f84493 wp-block-columns-is-layout-flex\">\n<div class=\"wp-block-column is-layout-flow wp-block-column-is-layout-flow\">\n<div class=\"wp-block-group has-global-padding is-layout-constrained wp-block-group-is-layout-constrained\">\n<figure class=\"wp-block-image size-large zoom\"><a href=\"https:\/\/www.instagram.com\/p\/CuPhpkUAV6O\/?igshid=MzRlODBiNWFlZA%3D%3D\" target=\"_blank\" rel=\"noreferrer noopener\"><img decoding=\"async\" width=\"851\" height=\"1024\" src=\"https:\/\/mavisionglobal.org\/wp-content\/uploads\/2023\/07\/3er-aniversario-visionglobal-1080x1300-4-851x1024.jpg\" alt=\"\" class=\"wp-image-804\" srcset=\"https:\/\/mavisionglobal.org\/wp-content\/uploads\/2023\/07\/3er-aniversario-visionglobal-1080x1300-4-851x1024.jpg 851w, https:\/\/mavisionglobal.org\/wp-content\/uploads\/2023\/07\/3er-aniversario-visionglobal-1080x1300-4-249x300.jpg 249w, https:\/\/mavisionglobal.org\/wp-content\/uploads\/2023\/07\/3er-aniversario-visionglobal-1080x1300-4-768x924.jpg 768w, https:\/\/mavisionglobal.org\/wp-content\/uploads\/2023\/07\/3er-aniversario-visionglobal-1080x1300-4.jpg 1080w\" sizes=\"(max-width: 851px) 100vw, 851px\" \/><\/a><\/figure>\n\n\n\n<h6 class=\"wp-block-heading has-text-align-center\"><a href=\"https:\/\/www.instagram.com\/p\/CuPhpkUAV6O\/?igshid=MzRlODBiNWFlZA%3D%3D\" target=\"_blank\" rel=\"noreferrer noopener\">Tercer Aniversario<\/a><\/h6>\n\n\n\n<p>Como un solo pueblo de Cristo que somos, tu presencia es esencial para nosotros. Queremos que sepas que tu amor a la obra de Jesucristo nos han ayudado a llegar hasta aqu\u00ed y nos han inspirado a seguir creciendo y mejorando en los planes que Dios Tiene para todos nosotros.<br><br>Es por eso que nos encantar\u00eda que nos acompa\u00f1aras en esta celebraci\u00f3n, donde compartiremos momentos inolvidables, risas y algunas sorpresas especiales.<\/p>\n<\/div>\n<\/div>\n\n\n\n<div class=\"wp-block-column is-layout-flow wp-block-column-is-layout-flow\">\n<div class=\"wp-block-group has-global-padding is-layout-constrained wp-block-group-is-layout-constrained\">\n<figure class=\"wp-block-image size-large zoom\"><a href=\"https:\/\/www.instagram.com\/p\/Ct0npj_gMgs\/\" target=\"_blank\" rel=\"noreferrer noopener\"><img decoding=\"async\" width=\"1024\" height=\"1024\" src=\"https:\/\/mavisionglobal.org\/wp-content\/uploads\/2023\/07\/congreso-de-mujeres-01-07-2023-1-1024x1024.jpg\" alt=\"\" class=\"wp-image-808\" srcset=\"https:\/\/mavisionglobal.org\/wp-content\/uploads\/2023\/07\/congreso-de-mujeres-01-07-2023-1-1024x1024.jpg 1024w, https:\/\/mavisionglobal.org\/wp-content\/uploads\/2023\/07\/congreso-de-mujeres-01-07-2023-1-300x300.jpg 300w, https:\/\/mavisionglobal.org\/wp-content\/uploads\/2023\/07\/congreso-de-mujeres-01-07-2023-1-150x150.jpg 150w, https:\/\/mavisionglobal.org\/wp-content\/uploads\/2023\/07\/congreso-de-mujeres-01-07-2023-1-768x768.jpg 768w, https:\/\/mavisionglobal.org\/wp-content\/uploads\/2023\/07\/congreso-de-mujeres-01-07-2023-1-1536x1536.jpg 1536w, https:\/\/mavisionglobal.org\/wp-content\/uploads\/2023\/07\/congreso-de-mujeres-01-07-2023-1.jpg 1600w\" sizes=\"(max-width: 1024px) 100vw, 1024px\" \/><\/a><\/figure>\n\n\n\n<h6 class=\"wp-block-heading has-text-align-center\"><a rel=\"noreferrer noopener\" href=\"https:\/\/www.instagram.com\/p\/Ct0npj_gMgs\/\" target=\"_blank\">Metamorfosis de una Mujer Id\u00f3nea<\/a><\/h6>\n\n\n\n<p class=\"has-text-align-left\">Dirigido por nuestra Pastora, Yajaira de Gonz\u00e1lez.                                                            Te esperamos este 01 de Julio a las 9:00am<\/p>\n<\/div>\n<\/div>\n\n\n\n<div class=\"wp-block-column is-layout-flow wp-block-column-is-layout-flow\" id=\"zoom\">\n<figure class=\"wp-block-embed is-provider-youtube wp-block-embed-youtube zoom\"><div class=\"wp-block-embed__wrapper\">\n<iframe title=\"3\u00ba Aniversario De Nuestro Ministerio Apost\u00f3lico Visi\u00f3n Global\" width=\"500\" height=\"281\" src=\"https:\/\/www.youtube.com\/embed\/crd9JrZmFwY?feature=oembed\" frameborder=\"0\" allow=\"accelerometer; autoplay; clipboard-write; encrypted-media; gyroscope; picture-in-picture; web-share\" referrerpolicy=\"strict-origin-when-cross-origin\" allowfullscreen><\/iframe>\n<\/div><\/figure>\n\n\n\n<h6 class=\"wp-block-heading has-text-align-center\"><a href=\"https:\/\/www.youtube.com\/watch?v=crd9JrZmFwY\" target=\"_blank\" rel=\"noreferrer noopener\">3\u00ba Aniversario De Nuestro Ministerio Apost\u00f3lico Visi\u00f3n Global<\/a><\/h6>\n\n\n\n<p>Recordando nuestros inicios, Con testimonios de hijos de la casa y Palabras de Nuestro amado Pastor Luis Ram\u00edrez. Visi\u00f3n Global No Se Detiene, Seguimos Avanzando.<\/p>\n<\/div>\n<\/div>\n<\/div>\n","protected":false},"excerpt":{"rendered":"<p>Tercer Aniversario Como un solo pueblo de Cristo que somos, tu presencia es esencial para nosotros. Queremos que sepas que tu amor a la obra de Jesucristo nos [&hellip;]<\/p>\n","protected":false},"author":1,"featured_media":0,"parent":0,"menu_order":0,"comment_status":"closed","ping_status":"closed","template":"","meta":{"footnotes":""},"class_list":["post-156","page","type-page","status-publish","hentry"],"_links":{"self":[{"href":"https:\/\/mavisionglobal.org\/index.php?rest_route=\/wp\/v2\/pages\/156","targetHints":{"allow":["GET"]}}],"collection":[{"href":"https:\/\/mavisionglobal.org\/index.php?rest_route=\/wp\/v2\/pages"}],"about":[{"href":"https:\/\/mavisionglobal.org\/index.php?rest_route=\/wp\/v2\/types\/page"}],"author":[{"embeddable":true,"href":"https:\/\/mavisionglobal.org\/index.php?rest_route=\/wp\/v2\/users\/1"}],"replies":[{"embeddable":true,"href":"https:\/\/mavisionglobal.org\/index.php?rest_route=%2Fwp%2Fv2%2Fcomments&post=156"}],"version-history":[{"count":13,"href":"https:\/\/mavisionglobal.org\/index.php?rest_route=\/wp\/v2\/pages\/156\/revisions"}],"predecessor-version":[{"id":818,"href":"https:\/\/mavisionglobal.org\/index.php?rest_route=\/wp\/v2\/pages\/156\/revisions\/818"}],"wp:attachment":[{"href":"https:\/\/mavisionglobal.org\/index.php?rest_route=%2Fwp%2Fv2%2Fmedia&parent=156"}],"curies":[{"name":"wp","href":"https:\/\/api.w.org\/{rel}","templated":true}]}}