{"id":145,"date":"2023-05-12T01:54:27","date_gmt":"2023-05-12T01:54:27","guid":{"rendered":"https:\/\/mavisionglobal.org\/?page_id=145"},"modified":"2023-06-26T21:54:01","modified_gmt":"2023-06-26T21:54:01","slug":"en-que-creemos","status":"publish","type":"page","link":"https:\/\/mavisionglobal.org\/?page_id=145","title":{"rendered":"\u00bf En qu\u00e9 creemos ?"},"content":{"rendered":"\n<div class=\"wp-block-cover has-custom-content-position is-position-bottom-left\"><span aria-hidden=\"true\" class=\"wp-block-cover__background has-base-background-color has-background-dim\"><\/span><img fetchpriority=\"high\" decoding=\"async\" width=\"1600\" height=\"600\" class=\"wp-block-cover__image-background wp-image-373\" alt=\"\" src=\"https:\/\/mavisionglobal.org\/wp-content\/uploads\/2023\/05\/banner-sobre-nosotros.jpg\" data-object-fit=\"cover\" srcset=\"https:\/\/mavisionglobal.org\/wp-content\/uploads\/2023\/05\/banner-sobre-nosotros.jpg 1600w, https:\/\/mavisionglobal.org\/wp-content\/uploads\/2023\/05\/banner-sobre-nosotros-300x113.jpg 300w, https:\/\/mavisionglobal.org\/wp-content\/uploads\/2023\/05\/banner-sobre-nosotros-1024x384.jpg 1024w, https:\/\/mavisionglobal.org\/wp-content\/uploads\/2023\/05\/banner-sobre-nosotros-768x288.jpg 768w, https:\/\/mavisionglobal.org\/wp-content\/uploads\/2023\/05\/banner-sobre-nosotros-1536x576.jpg 1536w\" sizes=\"(max-width: 1600px) 100vw, 1600px\" \/><div class=\"wp-block-cover__inner-container is-layout-flow wp-block-cover-is-layout-flow\">\n<h3 class=\"wp-block-heading\"><mark style=\"background-color:rgba(0, 0, 0, 0)\" class=\"has-inline-color has-base-color\">Lo que creemos<\/mark><\/h3>\n<\/div><\/div>\n\n\n\n<div class=\"wp-block-group has-global-padding is-layout-constrained wp-block-group-is-layout-constrained\">\n<blockquote class=\"wp-block-quote is-style-plain is-layout-flow wp-block-quote-is-layout-flow\">\n<p class=\"has-big-font-size\">\u201cCreemos en un solo Dios\u201d. \u00b7 \u201cPadre todopoderoso\u201d. \u00b7 \u201cCreador\u201d. \u00b7 \u201cDe todo lo visible y lo invisible. que Implica aceptaci\u00f3n, consideraci\u00f3n, preocupaci\u00f3n, por el pr\u00f3jimo; tolerancia, perd\u00f3n y mutua edificaci\u00f3n con unas bases de la convivencia arm\u00f3nica en la palabra de Dios.<\/p>\n<\/blockquote>\n<\/div>\n","protected":false},"excerpt":{"rendered":"<p>\u201cCreemos en un solo Dios\u201d. \u00b7 \u201cPadre todopoderoso\u201d. \u00b7 \u201cCreador\u201d. \u00b7 \u201cDe todo lo visible y lo invisible. que Implica aceptaci\u00f3n, consideraci\u00f3n, preocupaci\u00f3n, por el pr\u00f3jimo; tolerancia, perd\u00f3n [&hellip;]<\/p>\n","protected":false},"author":1,"featured_media":0,"parent":0,"menu_order":0,"comment_status":"closed","ping_status":"closed","template":"","meta":{"footnotes":""},"class_list":["post-145","page","type-page","status-publish","hentry"],"_links":{"self":[{"href":"https:\/\/mavisionglobal.org\/index.php?rest_route=\/wp\/v2\/pages\/145","targetHints":{"allow":["GET"]}}],"collection":[{"href":"https:\/\/mavisionglobal.org\/index.php?rest_route=\/wp\/v2\/pages"}],"about":[{"href":"https:\/\/mavisionglobal.org\/index.php?rest_route=\/wp\/v2\/types\/page"}],"author":[{"embeddable":true,"href":"https:\/\/mavisionglobal.org\/index.php?rest_route=\/wp\/v2\/users\/1"}],"replies":[{"embeddable":true,"href":"https:\/\/mavisionglobal.org\/index.php?rest_route=%2Fwp%2Fv2%2Fcomments&post=145"}],"version-history":[{"count":47,"href":"https:\/\/mavisionglobal.org\/index.php?rest_route=\/wp\/v2\/pages\/145\/revisions"}],"predecessor-version":[{"id":776,"href":"https:\/\/mavisionglobal.org\/index.php?rest_route=\/wp\/v2\/pages\/145\/revisions\/776"}],"wp:attachment":[{"href":"https:\/\/mavisionglobal.org\/index.php?rest_route=%2Fwp%2Fv2%2Fmedia&parent=145"}],"curies":[{"name":"wp","href":"https:\/\/api.w.org\/{rel}","templated":true}]}}